{"id":75640,"date":"2024-06-11T23:12:33","date_gmt":"2024-06-11T20:12:33","guid":{"rendered":"https:\/\/mersingazetesi.com\/?page_id=75640"},"modified":"2024-06-11T23:13:14","modified_gmt":"2024-06-11T20:13:14","slug":"resmi-ilanlar","status":"publish","type":"page","link":"https:\/\/mersingazetesi.com\/index.php\/resmi-ilanlar\/","title":{"rendered":"Resmi \u0130lanlar"},"content":{"rendered":"\t\t\n\t\t<style>.est-content-1{padding:0px;}<\/style>\n\t\t\n\t\t<div class=\"esen-container esenbik-resmi-ilanlar\">\n\t\t\t\n\t\t\t<div class=\"bik-inner\">\n\t\t\t\t\n\t\t\t\t<h1>RESM\u0130 \u0130LANLAR<\/h1>\n\t\t\t\t\n\t\t\t\t<ul>\n\t\t\t\t\t\t\t\t\t<\/ul>\n\t\t\t\t\n\t\t\t<\/div>\n\t\t\t\n\t\t\t<div class=\"filter-form\">\n\t\t\t\t<form method=\"get\">\n\t\t\t\t\t<label for=\"start-date\">Ba\u015flang\u0131\u00e7 Tarihi:<\/label>\n\t\t\t\t\t<input type=\"date\" id=\"start-date\" name=\"start-date\" value=\"\">\n\t\t\t\t\t<label for=\"end-date\">Biti\u015f Tarihi:<\/label>\n\t\t\t\t\t<input type=\"date\" id=\"end-date\" name=\"end-date\" value=\"\">\n\t\t\t\t\t<button type=\"submit\">Filtrele<\/button>\n\t\t\t\t<\/form>\n\t\t\t<\/div>\n\t\t\t\n\t\t<\/div>\n\t\t\n\t\t\n\t\t\n","protected":false},"excerpt":{"rendered":"","protected":false},"author":2,"featured_media":0,"parent":0,"menu_order":0,"comment_status":"closed","ping_status":"closed","template":"page-fullwidth.php","meta":{"footnotes":""},"class_list":["post-75640","page","type-page","status-publish","hentry"],"_links":{"self":[{"href":"https:\/\/mersingazetesi.com\/index.php\/wp-json\/wp\/v2\/pages\/75640","targetHints":{"allow":["GET"]}}],"collection":[{"href":"https:\/\/mersingazetesi.com\/index.php\/wp-json\/wp\/v2\/pages"}],"about":[{"href":"https:\/\/mersingazetesi.com\/index.php\/wp-json\/wp\/v2\/types\/page"}],"author":[{"embeddable":true,"href":"https:\/\/mersingazetesi.com\/index.php\/wp-json\/wp\/v2\/users\/2"}],"replies":[{"embeddable":true,"href":"https:\/\/mersingazetesi.com\/index.php\/wp-json\/wp\/v2\/comments?post=75640"}],"version-history":[{"count":0,"href":"https:\/\/mersingazetesi.com\/index.php\/wp-json\/wp\/v2\/pages\/75640\/revisions"}],"wp:attachment":[{"href":"https:\/\/mersingazetesi.com\/index.php\/wp-json\/wp\/v2\/media?parent=75640"}],"curies":[{"name":"wp","href":"https:\/\/api.w.org\/{rel}","templated":true}]}}