{"id":14708,"date":"2021-11-27T12:11:35","date_gmt":"2021-11-27T09:11:35","guid":{"rendered":"http:\/\/mersin.mesiad.org\/?page_id=14708"},"modified":"2025-12-30T11:08:54","modified_gmt":"2025-12-30T08:08:54","slug":"kunye","status":"publish","type":"page","link":"https:\/\/mersingazetesi.com\/index.php\/kunye\/","title":{"rendered":"K\u00fcnye"},"content":{"rendered":"<header class=\"entry-header\">\n<p style=\"text-align: center;\"><strong><em>\u0130mtiyaz Sahibi\u00a0<\/em><\/strong><\/p>\n<\/header>\n<p style=\"text-align: center;\">Mersin Gazetecilik Yay\u0131nc\u0131l\u0131k San. Tic. Ltd. \u015eti.<\/p>\n<p style=\"text-align: center;\">Ad\u0131na<\/p>\n<p style=\"text-align: center;\"><strong>Selahiddin AKKU\u015e<\/strong><\/p>\n<p style=\"text-align: center;\">info@mersingazetesi.com<\/p>\n<p style=\"text-align: center;\">akkusselahiddin@hotmail.com<\/p>\n<p style=\"text-align: center;\"><strong>Yay\u0131n Tarihi: 01.01.2005<\/strong><\/p>\n<p style=\"text-align: center;\"><strong>YAZI \u0130\u015eLER\u0130 M\u00dcD\u00dcR\u00dc<\/strong><br \/>\nUMUT CAN ERKAN<\/p>\n<p style=\"text-align: center;\">mersin@mersingazetesi.com<\/p>\n<p style=\"text-align: center;\"><strong>\u0130LET\u0130\u015e\u0130M<\/strong><\/p>\n<p style=\"text-align: center;\">0.324.2314001<br \/>\n0.324.2374001<br \/>\n0.532.2161448<\/p>\n<p style=\"text-align: center;\"><strong>UETS &#8211; E-TEBL\u0130GAT ADRES\u0130: 15995 &#8211; 99387 &#8211; 40843<\/strong><\/p>\n<p style=\"text-align: center;\"><strong>ADRES<\/strong><br \/>\nBah\u00e7e Mh. 4602 Sok. No:7 Hamle Apt. 3\/15 Akdeniz\u00a0 \/ MERS\u0130N<\/p>\n<p style=\"text-align: center;\"><strong>ALTYAPI<br \/>\n<\/strong><\/p>\n<div class=\"col-md-3\" style=\"text-align: center;\">\n<div class=\"contact-box\">\n<h2 class=\"text-left\">\u00dcnvan<\/h2>\n<p>\u00c7izgi Telekom\u00fcnikasyon A.\u015e.<\/p>\n<\/div>\n<\/div>\n<div class=\"col-md-3\" style=\"text-align: center;\">\n<div class=\"contact-box\">\n<h2 class=\"text-left\">Ticaret Sicil No<\/h2>\n<p>421249-0<\/p>\n<\/div>\n<\/div>\n<div class=\"col-md-3\" style=\"text-align: center;\">\n<div class=\"contact-box\">\n<h2 class=\"text-left\">Yer Sa\u011flay\u0131c\u0131 No<\/h2>\n<p>YS-(16)<\/p>\n<\/div>\n<\/div>\n<div class=\"col-md-3\">\n<div class=\"contact-box\">\n<h2 class=\"text-left\" style=\"text-align: center;\">Yetkili<\/h2>\n<p><img decoding=\"async\" class=\"aligncenter\" src=\"https:\/\/www.natro.com\/ResourceFiles\/v1\/images\/nm.png\" \/><\/p>\n<\/div>\n<\/div>\n","protected":false},"excerpt":{"rendered":"<p>\u0130mtiyaz Sahibi\u00a0 Mersin Gazetecilik Yay\u0131nc\u0131l\u0131k San. Tic. Ltd. \u015eti. Ad\u0131na Selahiddin AKKU\u015e info@mersingazetesi.com akkusselahiddin@hotmail.com Yay\u0131n Tarihi: 01.01.2005 YAZI \u0130\u015eLER\u0130 M\u00dcD\u00dcR\u00dc UMUT CAN ERKAN mersin@mersingazetesi.com \u0130LET\u0130\u015e\u0130M 0.324.2314001 0.324.2374001 0.532.2161448 UETS &#8211; E-TEBL\u0130GAT ADRES\u0130: 15995 &#8211; 99387 &#8211; 40843 ADRES Bah\u00e7e Mh. 4602 Sok. No:7 Hamle Apt. 3\/15 Akdeniz\u00a0 \/ MERS\u0130N ALTYAPI \u00dcnvan \u00c7izgi Telekom\u00fcnikasyon A.\u015e. Ticaret [&hellip;]<\/p>\n","protected":false},"author":2,"featured_media":0,"parent":0,"menu_order":0,"comment_status":"closed","ping_status":"closed","template":"","meta":{"footnotes":""},"class_list":["post-14708","page","type-page","status-publish","hentry"],"_links":{"self":[{"href":"https:\/\/mersingazetesi.com\/index.php\/wp-json\/wp\/v2\/pages\/14708","targetHints":{"allow":["GET"]}}],"collection":[{"href":"https:\/\/mersingazetesi.com\/index.php\/wp-json\/wp\/v2\/pages"}],"about":[{"href":"https:\/\/mersingazetesi.com\/index.php\/wp-json\/wp\/v2\/types\/page"}],"author":[{"embeddable":true,"href":"https:\/\/mersingazetesi.com\/index.php\/wp-json\/wp\/v2\/users\/2"}],"replies":[{"embeddable":true,"href":"https:\/\/mersingazetesi.com\/index.php\/wp-json\/wp\/v2\/comments?post=14708"}],"version-history":[{"count":1,"href":"https:\/\/mersingazetesi.com\/index.php\/wp-json\/wp\/v2\/pages\/14708\/revisions"}],"predecessor-version":[{"id":120921,"href":"https:\/\/mersingazetesi.com\/index.php\/wp-json\/wp\/v2\/pages\/14708\/revisions\/120921"}],"wp:attachment":[{"href":"https:\/\/mersingazetesi.com\/index.php\/wp-json\/wp\/v2\/media?parent=14708"}],"curies":[{"name":"wp","href":"https:\/\/api.w.org\/{rel}","templated":true}]}}